{"id":2965,"date":"2020-09-25T16:18:54","date_gmt":"2020-09-25T14:18:54","guid":{"rendered":"https:\/\/www.oysterinfo.de\/?page_id=2965"},"modified":"2020-09-25T16:30:04","modified_gmt":"2020-09-25T14:30:04","slug":"watch-fairs","status":"publish","type":"page","link":"https:\/\/www.oysterinfo.de\/en\/watch-fairs\/","title":{"rendered":"Watch fairs"},"content":{"rendered":"<h1>Watch fairs&nbsp;exhibition calender<\/h1>\n<p>This is a exhibition calender with current Watches &amp; Jewellery Trade Shows in Europe.<\/p>\n<h3><strong><span style=\"color: #ff0000;\">Due to the recent Corona developements we unfortunately can not give you any information about when the next public show will take place.<\/span><\/strong><\/h3>\n<p>&nbsp;<\/p>\n<h2 style=\"text-align: center;\">Munich <img loading=\"lazy\" decoding=\"async\" data-attachment-id=\"2650\" data-permalink=\"https:\/\/www.oysterinfo.de\/en\/watch-fairs\/flag-ger\/\" data-orig-file=\"https:\/\/i0.wp.com\/www.oysterinfo.de\/wp-content\/uploads\/2016\/12\/flag-ger.png?fit=81%2C49&amp;ssl=1\" data-orig-size=\"81,49\" data-comments-opened=\"1\" data-image-meta=\"{&quot;aperture&quot;:&quot;0&quot;,&quot;credit&quot;:&quot;&quot;,&quot;camera&quot;:&quot;&quot;,&quot;caption&quot;:&quot;&quot;,&quot;created_timestamp&quot;:&quot;0&quot;,&quot;copyright&quot;:&quot;&quot;,&quot;focal_length&quot;:&quot;0&quot;,&quot;iso&quot;:&quot;0&quot;,&quot;shutter_speed&quot;:&quot;0&quot;,&quot;title&quot;:&quot;&quot;,&quot;orientation&quot;:&quot;0&quot;}\" data-image-title=\"flag-ger\" data-image-description=\"\" data-image-caption=\"\" data-medium-file=\"https:\/\/i0.wp.com\/www.oysterinfo.de\/wp-content\/uploads\/2016\/12\/flag-ger.png?fit=81%2C49&amp;ssl=1\" data-large-file=\"https:\/\/i0.wp.com\/www.oysterinfo.de\/wp-content\/uploads\/2016\/12\/flag-ger.png?fit=81%2C49&amp;ssl=1\" class=\"alignnone wp-image-2650\" src=\"https:\/\/i0.wp.com\/www.oysterinfo.de\/wp-content\/uploads\/2016\/12\/flag-ger.png?resize=25%2C15&#038;ssl=1\" width=\"25\" height=\"15\"  data-recalc-dims=\"1\"><\/h2>\n<p style=\"text-align: center;\"><strong><a href=\"http:\/\/www.uhrenboerse-online.de\">Uhren- &amp; Schmuckb\u00f6rse M\u00fcnchen \/ Watch Trader Association<\/a><\/strong><br \/>\nInfinity Hotel &amp; Conference Resort Munich (ehem. Dolce Munich), Andreas-Danzer-Weg 1, Unterschlei\u00dfheim, D-85716 Munich<br \/>\n<span style=\"color: #ff0000;\">no known dates until now<\/span><\/p>\n<p>&nbsp;<\/p>\n<h2 style=\"text-align: center;\">Frankfurt\/Main&nbsp;<img loading=\"lazy\" decoding=\"async\" data-attachment-id=\"2650\" data-permalink=\"https:\/\/www.oysterinfo.de\/en\/watch-fairs\/flag-ger\/\" data-orig-file=\"https:\/\/i0.wp.com\/www.oysterinfo.de\/wp-content\/uploads\/2016\/12\/flag-ger.png?fit=81%2C49&amp;ssl=1\" data-orig-size=\"81,49\" data-comments-opened=\"1\" data-image-meta=\"{&quot;aperture&quot;:&quot;0&quot;,&quot;credit&quot;:&quot;&quot;,&quot;camera&quot;:&quot;&quot;,&quot;caption&quot;:&quot;&quot;,&quot;created_timestamp&quot;:&quot;0&quot;,&quot;copyright&quot;:&quot;&quot;,&quot;focal_length&quot;:&quot;0&quot;,&quot;iso&quot;:&quot;0&quot;,&quot;shutter_speed&quot;:&quot;0&quot;,&quot;title&quot;:&quot;&quot;,&quot;orientation&quot;:&quot;0&quot;}\" data-image-title=\"flag-ger\" data-image-description=\"\" data-image-caption=\"\" data-medium-file=\"https:\/\/i0.wp.com\/www.oysterinfo.de\/wp-content\/uploads\/2016\/12\/flag-ger.png?fit=81%2C49&amp;ssl=1\" data-large-file=\"https:\/\/i0.wp.com\/www.oysterinfo.de\/wp-content\/uploads\/2016\/12\/flag-ger.png?fit=81%2C49&amp;ssl=1\" class=\"alignnone wp-image-2650\" src=\"https:\/\/i0.wp.com\/www.oysterinfo.de\/wp-content\/uploads\/2016\/12\/flag-ger.png?resize=25%2C15&#038;ssl=1\" width=\"25\" height=\"15\"  data-recalc-dims=\"1\"><\/h2>\n<p style=\"text-align: center;\">Frankfurter Uhren &amp; Schmuckb\u00f6rse<br \/>\nKlassikstadt, Orber Stra\u00dfe 4a, 60386 Frankfurt<br \/>\n<span style=\"color: #ff0000;\">no known dates until now<\/span><\/p>\n<p>&nbsp;<\/p>\n<h2 style=\"text-align: center;\">Hamburg&nbsp;<img loading=\"lazy\" decoding=\"async\" data-attachment-id=\"2650\" data-permalink=\"https:\/\/www.oysterinfo.de\/en\/watch-fairs\/flag-ger\/\" data-orig-file=\"https:\/\/i0.wp.com\/www.oysterinfo.de\/wp-content\/uploads\/2016\/12\/flag-ger.png?fit=81%2C49&amp;ssl=1\" data-orig-size=\"81,49\" data-comments-opened=\"1\" data-image-meta=\"{&quot;aperture&quot;:&quot;0&quot;,&quot;credit&quot;:&quot;&quot;,&quot;camera&quot;:&quot;&quot;,&quot;caption&quot;:&quot;&quot;,&quot;created_timestamp&quot;:&quot;0&quot;,&quot;copyright&quot;:&quot;&quot;,&quot;focal_length&quot;:&quot;0&quot;,&quot;iso&quot;:&quot;0&quot;,&quot;shutter_speed&quot;:&quot;0&quot;,&quot;title&quot;:&quot;&quot;,&quot;orientation&quot;:&quot;0&quot;}\" data-image-title=\"flag-ger\" data-image-description=\"\" data-image-caption=\"\" data-medium-file=\"https:\/\/i0.wp.com\/www.oysterinfo.de\/wp-content\/uploads\/2016\/12\/flag-ger.png?fit=81%2C49&amp;ssl=1\" data-large-file=\"https:\/\/i0.wp.com\/www.oysterinfo.de\/wp-content\/uploads\/2016\/12\/flag-ger.png?fit=81%2C49&amp;ssl=1\" class=\"alignnone wp-image-2650\" src=\"https:\/\/i0.wp.com\/www.oysterinfo.de\/wp-content\/uploads\/2016\/12\/flag-ger.png?resize=25%2C15&#038;ssl=1\" width=\"25\" height=\"15\"  data-recalc-dims=\"1\"><\/h2>\n<p style=\"text-align: center;\">noch keine Termine bisher bekannt<br \/>\n<span style=\"color: #ff0000;\">no known dates until now<\/span><\/p>\n<p>&nbsp;<\/p>\n<h2 style=\"text-align: center;\">D\u00fcsseldorf&nbsp;<img loading=\"lazy\" decoding=\"async\" data-attachment-id=\"2650\" data-permalink=\"https:\/\/www.oysterinfo.de\/en\/watch-fairs\/flag-ger\/\" data-orig-file=\"https:\/\/i0.wp.com\/www.oysterinfo.de\/wp-content\/uploads\/2016\/12\/flag-ger.png?fit=81%2C49&amp;ssl=1\" data-orig-size=\"81,49\" data-comments-opened=\"1\" data-image-meta=\"{&quot;aperture&quot;:&quot;0&quot;,&quot;credit&quot;:&quot;&quot;,&quot;camera&quot;:&quot;&quot;,&quot;caption&quot;:&quot;&quot;,&quot;created_timestamp&quot;:&quot;0&quot;,&quot;copyright&quot;:&quot;&quot;,&quot;focal_length&quot;:&quot;0&quot;,&quot;iso&quot;:&quot;0&quot;,&quot;shutter_speed&quot;:&quot;0&quot;,&quot;title&quot;:&quot;&quot;,&quot;orientation&quot;:&quot;0&quot;}\" data-image-title=\"flag-ger\" data-image-description=\"\" data-image-caption=\"\" data-medium-file=\"https:\/\/i0.wp.com\/www.oysterinfo.de\/wp-content\/uploads\/2016\/12\/flag-ger.png?fit=81%2C49&amp;ssl=1\" data-large-file=\"https:\/\/i0.wp.com\/www.oysterinfo.de\/wp-content\/uploads\/2016\/12\/flag-ger.png?fit=81%2C49&amp;ssl=1\" class=\"alignnone wp-image-2650\" src=\"https:\/\/i0.wp.com\/www.oysterinfo.de\/wp-content\/uploads\/2016\/12\/flag-ger.png?resize=25%2C15&#038;ssl=1\" width=\"25\" height=\"15\"  data-recalc-dims=\"1\"><\/h2>\n<p style=\"text-align: center;\"><strong><a href=\"http:\/\/uhrenmarktkoeln.de\/Uhren-und-Schmuckboerse-duesseldorf.html\">Uhren- und Schmuck-B\u00f6rse D\u00fcsseldorf<\/a><\/strong><br \/>\nClassic Remise,&nbsp;Harffstra\u00dfe 110a, D-40591 D\u00fcsseldorf<br \/>\n<span style=\"color: #ff0000;\">no known dates until now<\/span><\/p>\n<p>&nbsp;<\/p>\n<h2 style=\"text-align: center;\">Cologne <img loading=\"lazy\" decoding=\"async\" data-attachment-id=\"2650\" data-permalink=\"https:\/\/www.oysterinfo.de\/en\/watch-fairs\/flag-ger\/\" data-orig-file=\"https:\/\/i0.wp.com\/www.oysterinfo.de\/wp-content\/uploads\/2016\/12\/flag-ger.png?fit=81%2C49&amp;ssl=1\" data-orig-size=\"81,49\" data-comments-opened=\"1\" data-image-meta=\"{&quot;aperture&quot;:&quot;0&quot;,&quot;credit&quot;:&quot;&quot;,&quot;camera&quot;:&quot;&quot;,&quot;caption&quot;:&quot;&quot;,&quot;created_timestamp&quot;:&quot;0&quot;,&quot;copyright&quot;:&quot;&quot;,&quot;focal_length&quot;:&quot;0&quot;,&quot;iso&quot;:&quot;0&quot;,&quot;shutter_speed&quot;:&quot;0&quot;,&quot;title&quot;:&quot;&quot;,&quot;orientation&quot;:&quot;0&quot;}\" data-image-title=\"flag-ger\" data-image-description=\"\" data-image-caption=\"\" data-medium-file=\"https:\/\/i0.wp.com\/www.oysterinfo.de\/wp-content\/uploads\/2016\/12\/flag-ger.png?fit=81%2C49&amp;ssl=1\" data-large-file=\"https:\/\/i0.wp.com\/www.oysterinfo.de\/wp-content\/uploads\/2016\/12\/flag-ger.png?fit=81%2C49&amp;ssl=1\" class=\"alignnone wp-image-2650\" src=\"https:\/\/i0.wp.com\/www.oysterinfo.de\/wp-content\/uploads\/2016\/12\/flag-ger.png?resize=25%2C15&#038;ssl=1\" width=\"25\" height=\"15\"  data-recalc-dims=\"1\"><\/h2>\n<p style=\"text-align: center;\"><strong><a href=\"http:\/\/uhrenmarktkoeln.de\/uhrenmarkt-koeln.html\">Uhren- und Schmuck-Markt K\u00f6ln<\/a><\/strong><br \/>\nIm G\u00fcrzenich,&nbsp;Martinstra\u00dfe 29-37, D-50667 K\u00f6ln<br \/>\n<span style=\"color: #ff0000;\">no known dates until now<\/span><\/p>\n<p>&nbsp;<\/p>\n<h2 style=\"text-align: center;\">International<\/h2>\n<p style=\"text-align: center;\"><strong><a href=\"http:\/\/www.iwjg.com\">International Watch and Jewelry Guild (IWJG)<\/a>&nbsp;<\/strong> <img loading=\"lazy\" decoding=\"async\" data-attachment-id=\"2680\" data-permalink=\"https:\/\/www.oysterinfo.de\/en\/watch-fairs\/usa_flag\/\" data-orig-file=\"https:\/\/i0.wp.com\/www.oysterinfo.de\/wp-content\/uploads\/2016\/12\/usa_flag.png?fit=30%2C20&amp;ssl=1\" data-orig-size=\"30,20\" data-comments-opened=\"1\" data-image-meta=\"{&quot;aperture&quot;:&quot;0&quot;,&quot;credit&quot;:&quot;&quot;,&quot;camera&quot;:&quot;&quot;,&quot;caption&quot;:&quot;&quot;,&quot;created_timestamp&quot;:&quot;0&quot;,&quot;copyright&quot;:&quot;&quot;,&quot;focal_length&quot;:&quot;0&quot;,&quot;iso&quot;:&quot;0&quot;,&quot;shutter_speed&quot;:&quot;0&quot;,&quot;title&quot;:&quot;&quot;,&quot;orientation&quot;:&quot;0&quot;}\" data-image-title=\"usa_flag\" data-image-description=\"\" data-image-caption=\"\" data-medium-file=\"https:\/\/i0.wp.com\/www.oysterinfo.de\/wp-content\/uploads\/2016\/12\/usa_flag.png?fit=30%2C20&amp;ssl=1\" data-large-file=\"https:\/\/i0.wp.com\/www.oysterinfo.de\/wp-content\/uploads\/2016\/12\/usa_flag.png?fit=30%2C20&amp;ssl=1\" class=\"alignnone wp-image-2680\" src=\"https:\/\/i0.wp.com\/www.oysterinfo.de\/wp-content\/uploads\/2016\/12\/usa_flag.png?resize=23%2C15&#038;ssl=1\" width=\"23\" height=\"15\"  data-recalc-dims=\"1\"><br \/>\n<span style=\"color: #ff0000;\">no known dates until now<\/span> &#8211; Las Vegas, Tropicana<br \/>\n<span style=\"color: #ff0000;\">no known dates until now<\/span> &#8211; Las Vegas, M Resort Spa Casino<br \/>\n<span style=\"color: #ff0000;\">no known dates until now<\/span> &#8211; Miami, Hilton Miami Downtown<br \/>\n<span style=\"color: #ff0000;\">no known dates until now<\/span> &#8211; Miami, Hyatt Regency<br \/>\n<span style=\"color: #ff0000;\">no known dates until now<\/span> &#8211; Dallas, Hyatt Regency<br \/>\n<span style=\"color: #ff0000;\">no known dates until now<\/span> &#8211; New York, Marriott New York Brooklyn Bridge<\/p>\n<p>&nbsp;<\/p>\n<p style=\"text-align: center;\"><strong>Internationale Uhrenb\u00f6rse&nbsp;Basel&nbsp;<img loading=\"lazy\" decoding=\"async\" data-attachment-id=\"2651\" data-permalink=\"https:\/\/www.oysterinfo.de\/en\/watch-fairs\/flag-ch\/\" data-orig-file=\"https:\/\/i0.wp.com\/www.oysterinfo.de\/wp-content\/uploads\/2016\/12\/flag-ch.png?fit=48%2C48&amp;ssl=1\" data-orig-size=\"48,48\" data-comments-opened=\"1\" data-image-meta=\"{&quot;aperture&quot;:&quot;0&quot;,&quot;credit&quot;:&quot;&quot;,&quot;camera&quot;:&quot;&quot;,&quot;caption&quot;:&quot;&quot;,&quot;created_timestamp&quot;:&quot;0&quot;,&quot;copyright&quot;:&quot;&quot;,&quot;focal_length&quot;:&quot;0&quot;,&quot;iso&quot;:&quot;0&quot;,&quot;shutter_speed&quot;:&quot;0&quot;,&quot;title&quot;:&quot;&quot;,&quot;orientation&quot;:&quot;0&quot;}\" data-image-title=\"flag-ch\" data-image-description=\"\" data-image-caption=\"\" data-medium-file=\"https:\/\/i0.wp.com\/www.oysterinfo.de\/wp-content\/uploads\/2016\/12\/flag-ch.png?fit=48%2C48&amp;ssl=1\" data-large-file=\"https:\/\/i0.wp.com\/www.oysterinfo.de\/wp-content\/uploads\/2016\/12\/flag-ch.png?fit=48%2C48&amp;ssl=1\" class=\"alignnone wp-image-2651\" src=\"https:\/\/i0.wp.com\/www.oysterinfo.de\/wp-content\/uploads\/2016\/12\/flag-ch.png?resize=15%2C15&#038;ssl=1\" width=\"15\" height=\"15\"  data-recalc-dims=\"1\"><\/strong><br \/>\n<span style=\"color: #ff0000;\">no known dates until now<\/span><\/p>\n<p style=\"text-align: center;\">&nbsp;<\/p>\n<h2 style=\"text-align: center;\">Watch Fairs<\/h2>\n<p style=\"text-align: center;\"><strong><a href=\"http:\/\/www.inhorgenta.com\">inhorgenta europe<\/a>&nbsp;&nbsp;<\/strong><img loading=\"lazy\" decoding=\"async\" data-attachment-id=\"2650\" data-permalink=\"https:\/\/www.oysterinfo.de\/en\/watch-fairs\/flag-ger\/\" data-orig-file=\"https:\/\/i0.wp.com\/www.oysterinfo.de\/wp-content\/uploads\/2016\/12\/flag-ger.png?fit=81%2C49&amp;ssl=1\" data-orig-size=\"81,49\" data-comments-opened=\"1\" data-image-meta=\"{&quot;aperture&quot;:&quot;0&quot;,&quot;credit&quot;:&quot;&quot;,&quot;camera&quot;:&quot;&quot;,&quot;caption&quot;:&quot;&quot;,&quot;created_timestamp&quot;:&quot;0&quot;,&quot;copyright&quot;:&quot;&quot;,&quot;focal_length&quot;:&quot;0&quot;,&quot;iso&quot;:&quot;0&quot;,&quot;shutter_speed&quot;:&quot;0&quot;,&quot;title&quot;:&quot;&quot;,&quot;orientation&quot;:&quot;0&quot;}\" data-image-title=\"flag-ger\" data-image-description=\"\" data-image-caption=\"\" data-medium-file=\"https:\/\/i0.wp.com\/www.oysterinfo.de\/wp-content\/uploads\/2016\/12\/flag-ger.png?fit=81%2C49&amp;ssl=1\" data-large-file=\"https:\/\/i0.wp.com\/www.oysterinfo.de\/wp-content\/uploads\/2016\/12\/flag-ger.png?fit=81%2C49&amp;ssl=1\" class=\"alignnone wp-image-2650\" src=\"https:\/\/i0.wp.com\/www.oysterinfo.de\/wp-content\/uploads\/2016\/12\/flag-ger.png?resize=25%2C15&#038;ssl=1\" width=\"25\" height=\"15\"  data-recalc-dims=\"1\"><\/p>\n<p style=\"text-align: center;\">Messe M\u00fcnchen<br \/>\n<span style=\"color: #ff0000;\">no known dates until now<\/span><\/p>\n<p style=\"text-align: center;\">&nbsp;<\/p>\n","protected":false},"excerpt":{"rendered":"<p>Watch fairs&nbsp;exhibition calender This is a exhibition calender with current Watches &amp; Jewellery Trade Shows in Europe. Due to the recent Corona developements we unfortunately can not give you any information about when the next public show will take place. [&hellip;]<\/p>\n","protected":false},"author":1,"featured_media":2663,"parent":0,"menu_order":0,"comment_status":"closed","ping_status":"closed","template":"","meta":{"_monsterinsights_skip_tracking":false,"_monsterinsights_sitenote_active":false,"_monsterinsights_sitenote_note":"","_monsterinsights_sitenote_category":0,"ngg_post_thumbnail":0,"jetpack_post_was_ever_published":false,"footnotes":""},"yoast_head":"<!-- This site is optimized with the Yoast SEO plugin v22.1 - https:\/\/yoast.com\/wordpress\/plugins\/seo\/ -->\n<title>Watch fairs &#8211; oysterinfo<\/title>\n<meta name=\"robots\" content=\"index, follow, max-snippet:-1, max-image-preview:large, max-video-preview:-1\" \/>\n<link rel=\"canonical\" href=\"https:\/\/www.oysterinfo.de\/en\/watch-fairs\/\" \/>\n<meta property=\"og:locale\" content=\"en_US\" \/>\n<meta property=\"og:type\" content=\"article\" \/>\n<meta property=\"og:title\" content=\"Watch fairs &#8211; oysterinfo\" \/>\n<meta property=\"og:description\" content=\"Watch fairs&nbsp;exhibition calender This is a exhibition calender with current Watches &amp; Jewellery Trade Shows in Europe. Due to the recent Corona developements we unfortunately can not give you any information about when the next public show will take place. [&hellip;]\" \/>\n<meta property=\"og:url\" content=\"https:\/\/www.oysterinfo.de\/en\/watch-fairs\/\" \/>\n<meta property=\"og:site_name\" content=\"oysterinfo\" \/>\n<meta property=\"article:publisher\" content=\"https:\/\/www.facebook.com\/oysterinfo\" \/>\n<meta property=\"article:modified_time\" content=\"2020-09-25T14:30:04+00:00\" \/>\n<meta property=\"og:image\" content=\"https:\/\/i0.wp.com\/www.oysterinfo.de\/wp-content\/uploads\/2016\/12\/titel_neu_boerse.jpg?fit=2300%2C600&ssl=1\" \/>\n\t<meta property=\"og:image:width\" content=\"2300\" \/>\n\t<meta property=\"og:image:height\" content=\"600\" \/>\n\t<meta property=\"og:image:type\" content=\"image\/jpeg\" \/>\n<meta name=\"twitter:card\" content=\"summary_large_image\" \/>\n<meta name=\"twitter:label1\" content=\"Est. reading time\" \/>\n\t<meta name=\"twitter:data1\" content=\"1 minute\" \/>\n<script type=\"application\/ld+json\" class=\"yoast-schema-graph\">{\"@context\":\"https:\/\/schema.org\",\"@graph\":[{\"@type\":\"WebPage\",\"@id\":\"https:\/\/www.oysterinfo.de\/en\/watch-fairs\/\",\"url\":\"https:\/\/www.oysterinfo.de\/en\/watch-fairs\/\",\"name\":\"Watch fairs &#8211; oysterinfo\",\"isPartOf\":{\"@id\":\"https:\/\/www.oysterinfo.de\/en\/#website\"},\"datePublished\":\"2020-09-25T14:18:54+00:00\",\"dateModified\":\"2020-09-25T14:30:04+00:00\",\"breadcrumb\":{\"@id\":\"https:\/\/www.oysterinfo.de\/en\/watch-fairs\/#breadcrumb\"},\"inLanguage\":\"en-US\",\"potentialAction\":[{\"@type\":\"ReadAction\",\"target\":[\"https:\/\/www.oysterinfo.de\/en\/watch-fairs\/\"]}]},{\"@type\":\"BreadcrumbList\",\"@id\":\"https:\/\/www.oysterinfo.de\/en\/watch-fairs\/#breadcrumb\",\"itemListElement\":[{\"@type\":\"ListItem\",\"position\":1,\"name\":\"Startseite\",\"item\":\"https:\/\/www.oysterinfo.de\/en\/\"},{\"@type\":\"ListItem\",\"position\":2,\"name\":\"Watch fairs\"}]},{\"@type\":\"WebSite\",\"@id\":\"https:\/\/www.oysterinfo.de\/en\/#website\",\"url\":\"https:\/\/www.oysterinfo.de\/en\/\",\"name\":\"oysterinfo\",\"description\":\"The watch reference page for watch aficionados.\",\"potentialAction\":[{\"@type\":\"SearchAction\",\"target\":{\"@type\":\"EntryPoint\",\"urlTemplate\":\"https:\/\/www.oysterinfo.de\/en\/?s={search_term_string}\"},\"query-input\":\"required name=search_term_string\"}],\"inLanguage\":\"en-US\"}]}<\/script>\n<!-- \/ Yoast SEO plugin. -->","yoast_head_json":{"title":"Watch fairs &#8211; oysterinfo","robots":{"index":"index","follow":"follow","max-snippet":"max-snippet:-1","max-image-preview":"max-image-preview:large","max-video-preview":"max-video-preview:-1"},"canonical":"https:\/\/www.oysterinfo.de\/en\/watch-fairs\/","og_locale":"en_US","og_type":"article","og_title":"Watch fairs &#8211; oysterinfo","og_description":"Watch fairs&nbsp;exhibition calender This is a exhibition calender with current Watches &amp; Jewellery Trade Shows in Europe. Due to the recent Corona developements we unfortunately can not give you any information about when the next public show will take place. [&hellip;]","og_url":"https:\/\/www.oysterinfo.de\/en\/watch-fairs\/","og_site_name":"oysterinfo","article_publisher":"https:\/\/www.facebook.com\/oysterinfo","article_modified_time":"2020-09-25T14:30:04+00:00","og_image":[{"width":2300,"height":600,"url":"https:\/\/i0.wp.com\/www.oysterinfo.de\/wp-content\/uploads\/2016\/12\/titel_neu_boerse.jpg?fit=2300%2C600&ssl=1","type":"image\/jpeg"}],"twitter_card":"summary_large_image","twitter_misc":{"Est. reading time":"1 minute"},"schema":{"@context":"https:\/\/schema.org","@graph":[{"@type":"WebPage","@id":"https:\/\/www.oysterinfo.de\/en\/watch-fairs\/","url":"https:\/\/www.oysterinfo.de\/en\/watch-fairs\/","name":"Watch fairs &#8211; oysterinfo","isPartOf":{"@id":"https:\/\/www.oysterinfo.de\/en\/#website"},"datePublished":"2020-09-25T14:18:54+00:00","dateModified":"2020-09-25T14:30:04+00:00","breadcrumb":{"@id":"https:\/\/www.oysterinfo.de\/en\/watch-fairs\/#breadcrumb"},"inLanguage":"en-US","potentialAction":[{"@type":"ReadAction","target":["https:\/\/www.oysterinfo.de\/en\/watch-fairs\/"]}]},{"@type":"BreadcrumbList","@id":"https:\/\/www.oysterinfo.de\/en\/watch-fairs\/#breadcrumb","itemListElement":[{"@type":"ListItem","position":1,"name":"Startseite","item":"https:\/\/www.oysterinfo.de\/en\/"},{"@type":"ListItem","position":2,"name":"Watch fairs"}]},{"@type":"WebSite","@id":"https:\/\/www.oysterinfo.de\/en\/#website","url":"https:\/\/www.oysterinfo.de\/en\/","name":"oysterinfo","description":"The watch reference page for watch aficionados.","potentialAction":[{"@type":"SearchAction","target":{"@type":"EntryPoint","urlTemplate":"https:\/\/www.oysterinfo.de\/en\/?s={search_term_string}"},"query-input":"required name=search_term_string"}],"inLanguage":"en-US"}]}},"jetpack_sharing_enabled":true,"jetpack_shortlink":"https:\/\/wp.me\/P88Ux8-LP","_links":{"self":[{"href":"https:\/\/www.oysterinfo.de\/en\/wp-json\/wp\/v2\/pages\/2965"}],"collection":[{"href":"https:\/\/www.oysterinfo.de\/en\/wp-json\/wp\/v2\/pages"}],"about":[{"href":"https:\/\/www.oysterinfo.de\/en\/wp-json\/wp\/v2\/types\/page"}],"author":[{"embeddable":true,"href":"https:\/\/www.oysterinfo.de\/en\/wp-json\/wp\/v2\/users\/1"}],"replies":[{"embeddable":true,"href":"https:\/\/www.oysterinfo.de\/en\/wp-json\/wp\/v2\/comments?post=2965"}],"version-history":[{"count":6,"href":"https:\/\/www.oysterinfo.de\/en\/wp-json\/wp\/v2\/pages\/2965\/revisions"}],"predecessor-version":[{"id":2980,"href":"https:\/\/www.oysterinfo.de\/en\/wp-json\/wp\/v2\/pages\/2965\/revisions\/2980"}],"wp:featuredmedia":[{"embeddable":true,"href":"https:\/\/www.oysterinfo.de\/en\/wp-json\/wp\/v2\/media\/2663"}],"wp:attachment":[{"href":"https:\/\/www.oysterinfo.de\/en\/wp-json\/wp\/v2\/media?parent=2965"}],"curies":[{"name":"wp","href":"https:\/\/api.w.org\/{rel}","templated":true}]}}